{"id":52,"date":"2026-03-16T18:37:41","date_gmt":"2026-03-16T18:37:41","guid":{"rendered":"http:\/\/otjrhka.cluster121.hosting.ovh.net\/index.php\/about\/"},"modified":"2026-04-01T10:12:26","modified_gmt":"2026-04-01T10:12:26","slug":"chi-sono","status":"publish","type":"page","link":"https:\/\/www.agatalomonaco.com\/index.php\/chi-sono\/","title":{"rendered":"Chi sono"},"content":{"rendered":"\n\n\n<div class=\"guten-element guten-popup-builder guten-W4UBQz hide-tablet hide-mobile\" data-trigger=\"click\" data-anchor=\"search\" data-close-overlay=\"true\" data-inactive-interval=\"{&quot;point&quot;:5,&quot;unit&quot;:&quot;m&quot;}\" data-exit-animation=\"\" data-exit-duration=\"\" data-exit-delay=\"\" data-video-play-on=\"click\"><div class=\"guten-popup guten-popup-center guten-popup-side-space\"><div class=\"guten-popup-overlay\"><\/div><div class=\"guten-popup-wrapper guten-popup-wrapper-center\"><div class=\"guten-popup-content animated guten-element-hide fast desktop-fadeIn\"><div class=\"guten-popup-close\"><i class=\"fas fa-times\"><\/i><\/div><div class=\"guten-popup-container\">\n<div class=\"guten-element guten-popup-content-inner above\"><div class=\"guten-popup-content-wrapper\">\n<div class=\"section-wrapper\" data-id=\"TvP2Pr\"><section class=\"wp-block-gutenverse-section guten-element guten-section guten-TvP2Pr layout-fullwidth align-stretch\"><div class=\"guten-container guten-column-gap-default\">\n<div class=\"wp-block-gutenverse-column guten-element guten-column guten-cspggs\"><div class=\"guten-column-wrapper\" data-id=\"cspggs\">\n<div class=\"guten-element guten-XgiZKu guten-search\"><form class=\"gutenverse-search-form\"><div class=\"search-input-container-outer\"><div class=\"search-input-container\"><input type=\"text\" placeholder=\"Search\" name=\"s\" class=\"gutenverse-search gutenverse-search-input\"\/><div class=\"close-icon\"><i class=\"gtn gtn-x-line\"><\/i><\/div><\/div><\/div><div class=\"guten-search-button-wrapper\">\n<div class=\"guten-element guten-button-wrapper guten-NrJRf2\"><button class=\"guten-button guten-button-xs\" type=\"submit\"><i class=\"fa-lg gtn gtn-search11-light\"><\/i><span><\/span><\/button><\/div>\n<\/div><\/form><\/div>\n<\/div><\/div>\n<\/div><\/section><\/div>\n<\/div><\/div>\n\n\n\n<div class=\"guten-element guten-popup-content-inner bottom\"><div class=\"guten-popup-content-wrapper\"><\/div><\/div>\n<\/div><\/div><\/div><\/div><\/div>\n\n\n\n<div class=\"section-wrapper guten-section-wrapper section-guten-cj8C7b sticky-top\" data-id=\"cj8C7b\"><section class=\"wp-block-gutenverse-section guten-element guten-section guten-cj8C7b layout-boxed align-stretch guten-sticky sticky-top\"><div class=\"guten-data\"><div data-var=\"stickyDatacj8C7b\" data-value=\"{&quot;sticky&quot;:{&quot;Desktop&quot;:true},&quot;stickyShowOn&quot;:&quot;both&quot;,&quot;stickyPosition&quot;:&quot;top&quot;,&quot;stickyEase&quot;:&quot;none&quot;,&quot;stickyDuration&quot;:0.25,&quot;topSticky&quot;:{&quot;Desktop&quot;:{&quot;point&quot;:&quot;0&quot;,&quot;unit&quot;:&quot;px&quot;}},&quot;bottomSticky&quot;:{&quot;Desktop&quot;:{&quot;point&quot;:&quot;0&quot;,&quot;unit&quot;:&quot;px&quot;}}}\"><\/div><\/div><div class=\"guten-container guten-column-gap-no\">\n<div class=\"wp-block-gutenverse-column guten-element guten-column guten-33CSBr\"><div class=\"guten-column-wrapper\" data-id=\"33CSBr\">\n<div class=\"wp-block-gutenverse-image guten-element guten-image guten-oFR7EN\"><div class=\"guten-image-wrapper\"><img decoding=\"async\" class=\"gutenverse-image-box-filled\" src=\"https:\/\/agatalomonaco.com\/wp-content\/uploads\/2026\/03\/logo-copy-new.png\" height=\"243\" width=\"952\"\/><\/div><\/div>\n<\/div><\/div>\n\n\n\n<div class=\"wp-block-gutenverse-column guten-element guten-column guten-5EMljY\"><div class=\"guten-column-wrapper\" data-id=\"5EMljY\"><div id=\"guten-tExGWM\" class=\"guten-element guten-nav-menu nav-menu break-point-tablet submenu-click-title \" data-item-indicator=\"gtn gtn-angle-down-solid\" data-item-indicator-type=\"icon\" data-item-indicator-svg=\"\" data-close-on-click=\"1\" aria-label=\"\">\n\t\t\t<div class=\"gutenverse-hamburger-wrapper\">\n\t\t\t\t<button class=\"gutenverse-hamburger-menu\" aria-label=\"\">\n\t\t\t\t<i aria-hidden=\"true\" class=\"gtn gtn-menu-11-light\"><\/i>\n\t\t\t\t<\/button>\n\t\t\t<\/div>\n\t\t\t\n\t\t\t<div class=\"gutenverse-menu-wrapper\"><div class=\"gutenverse-menu-container\"><ul id=\"menu-light\" class=\"gutenverse-menu\"><li id=\"menu-item-178\" class=\"menu-item-178  menu-item menu-item-type-post_type menu-item-object-page menu-item-home\"><a href=\"javascript:void(0);\" data-href=\"https:\/\/www.agatalomonaco.com\/\" aria-label=\"Home\">Home<\/a><\/li>\n<\/ul><\/div>\n\t\t\t\t<div>\n\t\t\t\t\t<div class=\"gutenverse-nav-identity-panel\">\n\t\t\t\t\t\t<div class=\"gutenverse-nav-site-title\">\n\t\t\t\t\t\t\t<a aria-label=\"\" href=\"https:\/\/www.agatalomonaco.com\" class=\"gutenverse-nav-logo\"><img fetchpriority=\"high\" decoding=\"async\" loading=\"eager\" src=\"https:\/\/agatalomonaco.com\/wp-content\/uploads\/2026\/03\/logo.png\" alt=\"Agata Lo Monaco - \" width=\"952\" height=\"243\"><\/a>\n\t\t\t\t\t\t<\/div>\n\t\t\t\t\t\t<button class=\"gutenverse-close-menu\" aria-label=\"\"><i aria-hidden=\"true\" class=\"gtn gtn-times-solid\"><\/i><\/button>\n\t\t\t\t\t<\/div>\n\t\t\t\t<\/div>\n\t\t\t<\/div>\n\t\t<\/div><\/div><\/div>\n\n\n\n<div class=\"wp-block-gutenverse-column guten-element guten-column guten-ouVfJ2 hide-tablet hide-mobile\"><div class=\"guten-column-wrapper\" data-id=\"ouVfJ2\">\n<div class=\"guten-element guten-wrap-helper no-margin guten-jF6M3l inline hide-tablet hide-mobile\"><div class=\"guten-inner-wrap\" data-id=\"jF6M3l\"><\/div><\/div>\n\n\n<\/div><\/div>\n<\/div><\/section><\/div>\n\n\n\n<div class=\"section-wrapper\" data-id=\"86cUsM\"><section class=\"wp-block-gutenverse-section guten-element guten-section guten-86cUsM layout-boxed align-stretch\"><div class=\"guten-background-overlay\"><\/div><div class=\"guten-container guten-column-gap-no\">\n<div class=\"wp-block-gutenverse-column guten-element guten-column guten-paprQt\"><div class=\"guten-column-wrapper\" data-id=\"paprQt\">\n<h1 class=\"wp-block-gutenverse-heading guten-element guten-On88SI\">Titoli ed Esperienze<\/h1>\n\n\n<\/div><\/div>\n<\/div><\/section><\/div>\n\n\n\n<div class=\"section-wrapper\" data-id=\"SS1n9W\"><section class=\"wp-block-gutenverse-section guten-element guten-section guten-SS1n9W layout-boxed align-stretch\"><div class=\"guten-container guten-column-gap-no\">\n<div class=\"wp-block-gutenverse-column guten-element guten-column guten-UpLRGy\"><div class=\"guten-column-wrapper\" data-id=\"UpLRGy\">\n<div class=\"wp-block-gutenverse-image guten-element guten-image guten-maTNve\"><div class=\"guten-image-wrapper\"><img decoding=\"async\" class=\"gutenverse-image-box-filled\" src=\"https:\/\/agatalomonaco.com\/wp-content\/uploads\/2026\/03\/07.jpg\" height=\"1024\" width=\"1536\"\/><\/div><\/div>\n\n\n\n<div class=\"section-wrapper\" data-id=\"QkXZMQ\"><section class=\"wp-block-gutenverse-section guten-element guten-section guten-QkXZMQ animated guten-element-hide slow desktop-fadeInUp layout-boxed align-stretch\"><div class=\"guten-container guten-column-gap-no\">\n<div class=\"wp-block-gutenverse-column guten-element guten-column guten-VqSqCE\"><div class=\"guten-column-wrapper\" data-id=\"VqSqCE\">\n<div class=\"wp-block-gutenverse-icon guten-element guten-KEfofB guten-icon\"><span class=\"guten-icon-wrapper custom stacked\"><i class=\"gtn gtn-Child-light\"><\/i><\/span><\/div>\n\n\n\n<div class=\"guten-element guten-DT61HV guten-fun-fact align-center hover-from-left\"><div class=\"fun-fact-inner\"><div class=\"content block\"><div class=\"number-wrapper\"><span class=\"prefix\"><\/span><span class=\"number loaded\" data-number-format=\"\" data-safe=\"1000\" data-number=\"2,645\" data-duration=\"3500\"><\/span><span class=\"suffix\"><\/span><sup class=\"super\">+<\/sup><\/div><span class=\"title\">Pazienti Trattati<\/span><\/div><\/div><\/div>\n<\/div><\/div>\n<\/div><\/section><\/div>\n<\/div><\/div>\n\n\n\n<div class=\"wp-block-gutenverse-column guten-element guten-column guten-iPHFJf\"><div class=\"guten-column-wrapper\" data-id=\"iPHFJf\">\n<div class=\"wp-block-gutenverse-image guten-element guten-image guten-fKqF7f\"><div class=\"guten-image-wrapper\"><img decoding=\"async\" class=\"gutenverse-image-box-filled\" src=\"https:\/\/agatalomonaco.com\/wp-content\/uploads\/2026\/03\/08.jpg\" height=\"1536\" width=\"1024\"\/><\/div><\/div>\n<\/div><\/div>\n\n\n\n<div class=\"wp-block-gutenverse-column guten-element guten-column guten-ihNlLf\"><div class=\"guten-column-wrapper\" data-id=\"ihNlLf\">\n<h3 class=\"wp-block-gutenverse-heading guten-element guten-rgEHBs\">Dottoressa<\/h3>\n\n\n\n<h2 class=\"wp-block-gutenverse-heading guten-element guten-mWa9SV\">Agata Lo Monaco<\/h2>\n\n\n\n<div class=\"guten-element gutenverse-text-editor guten-vw4oGi\"><div class=\"text-content-inner\">\n<p>La dott.ssa <strong>Agata Lo Monaco<\/strong> si <strong>laurea in terapia della neuro e psicomotricit\u00e0<\/strong><br>dell\u2019et\u00e0 evolutiva nell\u2019anno 2007 presso l\u2019Universit\u00e0 degli Studi di Palermo con<br>votazione 110\/110 e lode.<\/p>\n\n\n\n<p><\/p>\n\n\n\n<p>Nell\u2019anno 2001 consegue la qualifica di psicomotricista frequentando il corso di<br>formazione in Psicomotricit\u00e0 presso il CReSPP (Centro Ricerche e Studi Pedagogia Psicologia) di Palermo.<\/p>\n\n\n\n<p><\/p>\n\n\n\n<p>Nell\u2019anno 1990 ha conseguito <strong>la laurea in pianoforte<\/strong> presso il Conservatorio di<br>Musica \u201cLucio Campiani\u201d di Mantova.<\/p>\n\n\n\n<p>Amplia la sua formazione partecipando a molteplici seminari e corsi di<br>aggiornamento, per citarne alcuni: \u201cAutismo e disturbi generalizzati dello<br>sviluppo\u201d, \u201cDisordini psicomotori e difficolt\u00e0 di apprendimento\u201d, \u201c Gestione dei<br>conflitti e problematiche relazionali\u201d, \u201c Approccio interattivo emozionale con i<br>bambini con disturbi dello spettro autistico\u201d, \u201c Funzioni esecutive e disturbi<br>dell\u2019apprendimento\u201d, \u201c Gioco, musica e movimento\u201d, \u201c L\u2019educazione dell\u2019orecchio<br>musicale secondo E. Willems\u201d.<\/p>\n\n\n\n<p><\/p>\n\n\n\n<p>Acquisisce esperienza lavorativa espletando la propria professione di neuro<br>psicomotricista (T.N.P.E.E.) per circa sedici anni presso centri di riabilitazione<br>convenzionati.<\/p>\n\n\n\n<p>Attualmente svolge attivit\u00e0 privata coniugando le compete riabilitative e quelle<br>musicali.<\/p>\n<\/div><\/div>\n\n\n\n<div class=\"guten-element gutenverse-text-editor guten-MuhlLL\"><div class=\"text-content-inner\">\n<p>Le principali patologie trattate sono:<\/p>\n<\/div><\/div>\n\n\n\n<div class=\"guten-element guten-icon-list guten-EHErEx\"><div class=\" list-wrapper \">\n<div class=\"guten-element guten-icon-list-item guten-DRx90t\"><div class=\"list-divider\"><\/div><a id=\"guten-DRx90t\"><i class=\"fas fa-check-circle\"><\/i><span class=\"list-text \">Ritardo psicomotorio<\/span><\/a><\/div>\n\n\n\n<div class=\"guten-element guten-icon-list-item guten-9ZDw93\"><div class=\"list-divider\"><\/div><a id=\"guten-9ZDw93\"><i class=\"fas fa-check-circle\"><\/i><span class=\"list-text \">Disprassia evolutiva<\/span><\/a><\/div>\n\n\n\n<div class=\"guten-element guten-icon-list-item guten-PONe0L\"><div class=\"list-divider\"><\/div><a id=\"guten-PONe0L\"><i class=\"fas fa-check-circle\"><\/i><span class=\"list-text \">Ritardo cognitivo<\/span><\/a><\/div>\n\n\n\n<div class=\"guten-element guten-icon-list-item guten-JpIBdl\"><div class=\"list-divider\"><\/div><a id=\"guten-JpIBdl\"><i class=\"fas fa-check-circle\"><\/i><span class=\"list-text \">Disturbi dello spettro autistico<\/span><\/a><\/div>\n\n\n\n<div class=\"guten-element guten-icon-list-item guten-HdMPTc\"><div class=\"list-divider\"><\/div><a id=\"guten-HdMPTc\"><i class=\"fas fa-check-circle\"><\/i><span class=\"list-text \">Disturbi specifici dell\u2019apprendimento<\/span><\/a><\/div>\n\n\n\n<div class=\"guten-element guten-icon-list-item guten-O9HrDQ\"><div class=\"list-divider\"><\/div><a id=\"guten-O9HrDQ\"><i class=\"fas fa-check-circle\"><\/i><span class=\"list-text \">Disturbi da deficit di attenzione (ADHD)<\/span><\/a><\/div>\n<\/div><\/div>\n<\/div><\/div>\n<\/div><\/section><\/div>\n\n\n\n<div class=\"section-wrapper\" data-id=\"n6Rvn1\"><section class=\"wp-block-gutenverse-section guten-element guten-section guten-n6Rvn1 layout-boxed align-stretch\"><div class=\"guten-container guten-column-gap-no\">\n<div class=\"wp-block-gutenverse-column guten-element guten-column guten-qLkYlt\"><div class=\"guten-column-wrapper\" data-id=\"qLkYlt\">\n<h3 class=\"wp-block-gutenverse-heading guten-element guten-EUf2dD\">Che cosa \u00e8 la neuropsicomitricit\u00e0<\/h3>\n\n\n\n<div class=\"guten-element gutenverse-text-editor guten-gVk4bH\"><div class=\"text-content-inner\">\n<p>La neuro psicomotricit\u00e0 \u00e8 una professione sanitaria che attua interventi di<\/p>\n\n\n\n<p>prevenzione, terapia e riabilitazione mirati a favorire il recupero di abilit\u00e0 o la<\/p>\n\n\n\n<p>riduzione di disabilit\u00e0 neuro psicomotorie in soggetti in et\u00e0 evolutiva (0-18 anni).<\/p>\n\n\n\n<p>Il terapista della neuro psicomotricit\u00e0 (TNPEE) agisce sulla globalit\u00e0 dell\u2019individuo nei<\/p>\n\n\n\n<p>suoi aspetti principali ovvero sfera motoria, sfera cognitiva e sfera relazionale,<\/p>\n\n\n\n<p>partendo dalla maturazione neurobiologica.<\/p>\n\n\n\n<p>Il corpo \u00e8 il mezzo attraverso cui il bambino sperimenta e impara a conoscere s\u00e9<\/p>\n\n\n\n<p>stesso e il mondo circostante. La condizione ottimale affinch\u00e8 ci\u00f2 avvenga \u00e8 il<\/p>\n\n\n\n<p>\u201cgioco\u201d, in quanto attivit\u00e0 spontanea.<\/p>\n\n\n\n<p>Il bambino con il gioco e il movimento sperimenta il mondo esterno e interno a s\u00e9,<\/p>\n\n\n\n<p>ne comprende il funzionamento e sviluppa strategie sempre pi\u00f9 efficaci.<\/p>\n<\/div><\/div>\n<\/div><\/div>\n<\/div><\/section><\/div>\n\n\n\n\n\n\n\n\n\n<div class=\"section-wrapper\" data-id=\"xA7524\"><section class=\"wp-block-gutenverse-section guten-element guten-section guten-xA7524 layout-boxed align-stretch\"><div class=\"guten-background-overlay\"><\/div><div class=\"guten-container guten-column-gap-no\">\n<div class=\"wp-block-gutenverse-column guten-element guten-column guten-L1TaRj\"><div class=\"guten-column-wrapper\" data-id=\"L1TaRj\">\n<div class=\"section-wrapper\" data-id=\"RCrShE\"><section class=\"wp-block-gutenverse-section guten-element guten-section guten-RCrShE layout-fullwidth align-stretch\"><div class=\"guten-container guten-column-gap-no\">\n<div class=\"wp-block-gutenverse-column guten-element guten-column guten-hqMCnn\"><div class=\"guten-column-wrapper\" data-id=\"hqMCnn\">\n<div class=\"wp-block-columns is-layout-flex wp-container-core-columns-is-layout-28f84493 wp-block-columns-is-layout-flex\">\n<div class=\"wp-block-column is-layout-flow wp-block-column-is-layout-flow\" style=\"flex-basis:100%\">\n<div class=\"wp-block-gutenverse-image guten-element guten-image guten-zVB0ez\"><div class=\"guten-image-wrapper\"><img decoding=\"async\" class=\"gutenverse-image-box-filled\" src=\"https:\/\/agatalomonaco.com\/wp-content\/uploads\/2026\/03\/logo-white-1.png\" height=\"243\" width=\"952\"\/><\/div><\/div>\n<\/div>\n<\/div>\n\n\n\n<div class=\"guten-element gutenverse-text-editor guten-0Hh62x\"><div class=\"text-content-inner\">\n<p>Terapista della neuro e psicomotricit\u00e0 con 20+ anni di esperienza, specializzata nello sviluppo del bambino con approccio personalizzato.<\/p>\n<\/div><\/div>\n\n\n\n<div class=\"guten-element guten-social-icons guten-ber9c3 rounded horizontal fill\">\n<div class=\"guten-element guten-social-icon guten-275LBq link\"><a id=\"guten-275LBq\" href=\"#\"><i class=\"fab fa-linkedin\"><\/i><\/a><\/div>\n\n\n\n<div class=\"guten-element guten-social-icon guten-EY8T42 facebook\"><a id=\"guten-EY8T42\" href=\"#\"><i class=\"fab fa-facebook\"><\/i><\/a><\/div>\n<\/div>\n<\/div><\/div>\n\n\n\n<div class=\"wp-block-gutenverse-column guten-element guten-column guten-pqrj48\"><div class=\"guten-column-wrapper\" data-id=\"pqrj48\">\n<h4 class=\"wp-block-gutenverse-heading guten-element guten-viOsXM\">Menu<\/h4>\n\n\n\n<div class=\"guten-element guten-icon-list guten-N9To90\"><div class=\" list-wrapper \">\n<div class=\"guten-element guten-icon-list-item guten-Aed3ka\"><div class=\"list-divider\"><\/div><a id=\"guten-Aed3ka\" href=\"#chisono\"><i class=\"fas fa-chevron-right\"><\/i><span class=\"list-text \">Chi sono<\/span><\/a><\/div>\n\n\n\n<div class=\"guten-element guten-icon-list-item guten-CTQSHh\"><div class=\"list-divider\"><\/div><a id=\"guten-CTQSHh\" href=\"#servizi\"><i class=\"fas fa-chevron-right\"><\/i><span class=\"list-text \">Servizi<\/span><\/a><\/div>\n\n\n\n<div class=\"guten-element guten-icon-list-item guten-zgzSnQ\"><div class=\"list-divider\"><\/div><a id=\"guten-zgzSnQ\" href=\"#recensioni\"><i class=\"fas fa-chevron-right\"><\/i><span class=\"list-text \">Recensioni<\/span><\/a><\/div>\n\n\n\n<div class=\"guten-element guten-icon-list-item guten-Ulbydf\"><div class=\"list-divider\"><\/div><a id=\"guten-Ulbydf\" href=\"#FAQ\"><i class=\"fas fa-chevron-right\"><\/i><span class=\"list-text \">Faq<\/span><\/a><\/div>\n\n\n\n<div class=\"guten-element guten-icon-list-item guten-Qk15bj\"><div class=\"list-divider\"><\/div><a id=\"guten-Qk15bj\" href=\"#contatti\"><i class=\"fas fa-chevron-right\"><\/i><span class=\"list-text \">Contatti<\/span><\/a><\/div>\n<\/div><\/div>\n<\/div><\/div>\n\n\n\n<div class=\"wp-block-gutenverse-column guten-element guten-column guten-yyJzyy\"><div class=\"guten-column-wrapper\" data-id=\"yyJzyy\">\n<h3 class=\"wp-block-gutenverse-heading guten-element guten-grJYg6\">Link utili<\/h3>\n\n\n\n<div class=\"guten-element guten-icon-list guten-k4zCd2\"><div class=\" list-wrapper \">\n<div class=\"guten-element guten-icon-list-item guten-9E67Ba\"><div class=\"list-divider\"><\/div><a id=\"guten-9E67Ba\" href=\"\/index.php\/privacy-policy\"><i class=\"fas fa-map-pin\"><\/i><span class=\"list-text \">Privacy Policy<\/span><\/a><\/div>\n\n\n\n<div class=\"guten-element guten-icon-list-item guten-RnPHK7\"><div class=\"list-divider\"><\/div><a id=\"guten-RnPHK7\" href=\"#\"><i class=\"fas fa-phone\"><\/i><span class=\"list-text \">Termini e Condizioni<\/span><\/a><\/div>\n\n\n\n<div class=\"guten-element guten-icon-list-item guten-dtRQo3\"><div class=\"list-divider\"><\/div><a id=\"guten-dtRQo3\" href=\"#\"><i class=\"fas fa-envelope\"><\/i><span class=\"list-text \"><\/span><\/a><\/div>\n\n\n\n<div class=\"guten-element guten-icon-list-item guten-RO7nHh\"><div class=\"list-divider\"><\/div><a id=\"guten-RO7nHh\" href=\"#\"><i class=\"fas fa-clock\"><\/i><span class=\"list-text \"><\/span><\/a><\/div>\n\n\n\n<div class=\"guten-element guten-icon-list-item guten-3guGGC\"><div class=\"list-divider\"><\/div><a id=\"guten-3guGGC\" href=\"#\"><i class=\"fas fa-clock\"><\/i><span class=\"list-text \"><\/span><\/a><\/div>\n<\/div><\/div>\n<\/div><\/div>\n\n\n\n<div class=\"wp-block-gutenverse-column guten-element guten-column guten-bbHrZW\"><div class=\"guten-column-wrapper\" data-id=\"bbHrZW\">\n<h3 class=\"wp-block-gutenverse-heading guten-element guten-46LoO7\">Map<\/h3>\n\n\n\n<div class=\"guten-element gutenverse-text-editor guten-kyz0b9\"><div class=\"text-content-inner\">\n<p>Via Torre Alessi, 5 \u2013 CATANIA<br>Via G. D\u2019Annunzio, 4 \u2013 MASCALUCIA<\/p>\n<\/div><\/div>\n\n\n\n<div class=\"section-wrapper\" data-id=\"dibZ1I\"><section class=\"wp-block-gutenverse-section guten-element guten-section guten-dibZ1I layout-boxed align-stretch\"><div class=\"guten-container guten-column-gap-no\">\n<div class=\"wp-block-gutenverse-column guten-element guten-column guten-MMIVgP\"><div class=\"guten-column-wrapper\" data-id=\"MMIVgP\">\n<form style=\"display:none\" class=\"guten-element guten-form-builder guten-Nl62tD\" data-form-id=\"166\">\n<div class=\"guten-element guten-wrap-helper no-margin guten-6akI12 flex\"><div class=\"guten-inner-wrap\" data-id=\"6akI12\">\n\n<\/div><\/div>\n<\/form>\n<\/div><\/div>\n<\/div><\/section><\/div>\n<\/div><\/div>\n<\/div><\/section><\/div>\n\n\n\n<div class=\"section-wrapper\" data-id=\"XT0ZFV\"><section class=\"wp-block-gutenverse-section guten-element guten-section guten-XT0ZFV layout-fullwidth align-stretch\"><div class=\"guten-container guten-column-gap-no\">\n<div class=\"wp-block-gutenverse-column guten-element guten-column guten-ouiUaV\"><div class=\"guten-column-wrapper\" data-id=\"ouiUaV\">\n<div class=\"guten-element gutenverse-text-editor guten-aYeoYV\"><div class=\"text-content-inner\">\n<p>Agato Lo Monaco \u2013 powered by <a href=\"https:\/\/www.bluegear.it\" target=\"_blank\" rel=\"noreferrer noopener\">Blue Gear<\/a><\/p>\n<\/div><\/div>\n<\/div><\/div>\n\n\n\n<div class=\"wp-block-gutenverse-column guten-element guten-column guten-dzDa85\"><div class=\"guten-column-wrapper\" data-id=\"dzDa85\">\n<div class=\"guten-element gutenverse-text-editor guten-XCKXZB\"><div class=\"text-content-inner\">\n<p>Copyright \u00a9 2025-<script>document.write(new Date().getFullYear())<\/script>. All Rights Reserved<\/p>\n<\/div><\/div>\n<\/div><\/div>\n<\/div><\/section><\/div>\n<\/div><\/div>\n<\/div><\/section><\/div>\n","protected":false},"excerpt":{"rendered":"","protected":false},"author":1,"featured_media":0,"parent":0,"menu_order":0,"comment_status":"closed","ping_status":"closed","template":"blank-canvas","meta":{"footnotes":""},"class_list":["post-52","page","type-page","status-publish","hentry"],"_links":{"self":[{"href":"https:\/\/www.agatalomonaco.com\/index.php\/wp-json\/wp\/v2\/pages\/52","targetHints":{"allow":["GET"]}}],"collection":[{"href":"https:\/\/www.agatalomonaco.com\/index.php\/wp-json\/wp\/v2\/pages"}],"about":[{"href":"https:\/\/www.agatalomonaco.com\/index.php\/wp-json\/wp\/v2\/types\/page"}],"author":[{"embeddable":true,"href":"https:\/\/www.agatalomonaco.com\/index.php\/wp-json\/wp\/v2\/users\/1"}],"replies":[{"embeddable":true,"href":"https:\/\/www.agatalomonaco.com\/index.php\/wp-json\/wp\/v2\/comments?post=52"}],"version-history":[{"count":15,"href":"https:\/\/www.agatalomonaco.com\/index.php\/wp-json\/wp\/v2\/pages\/52\/revisions"}],"predecessor-version":[{"id":224,"href":"https:\/\/www.agatalomonaco.com\/index.php\/wp-json\/wp\/v2\/pages\/52\/revisions\/224"}],"wp:attachment":[{"href":"https:\/\/www.agatalomonaco.com\/index.php\/wp-json\/wp\/v2\/media?parent=52"}],"curies":[{"name":"wp","href":"https:\/\/api.w.org\/{rel}","templated":true}]}}